{"id":103,"date":"2015-06-17T11:04:37","date_gmt":"2015-06-17T09:04:37","guid":{"rendered":"https:\/\/eurogreenpero.com\/?page_id=103"},"modified":"2016-02-25T20:14:10","modified_gmt":"2016-02-25T19:14:10","slug":"impianti-di-irrigazione","status":"publish","type":"page","link":"https:\/\/eurogreenpero.com\/?page_id=103","title":{"rendered":"IMPIANTI DI IRRIGAZIONE"},"content":{"rendered":"<h2 style=\"text-align: justify;\" align=\"left\">Impianti di Irrigazione<\/h2>\n<p>&nbsp;<\/p>\n<p style=\"text-align: justify;\" align=\"left\">La bellezza del verde, dipende soprattutto dalla sapienza dell&#8217;irrigazione.<\/p>\n<p>Irrigare correttamente una azienda agricola od un giardino non \u00e8 un compito facile: ogni tipo di pianta e di terreno ha esigenze diverse in termini di approvvigionamento idrico.<\/p>\n<blockquote>\n<h4 style=\"color: #339966;\">Riuscire a soddisfare al meglio queste esigenze \u00e8 una vera arte, che richiede esperienza ed alto livello tecnologico negli strumenti adoperati.<\/h4>\n<\/blockquote>\n<p>&nbsp;<\/p>\n<p><a href=\"https:\/\/eurogreenpero.com\/wp-content\/uploads\/2015\/06\/irrigazione.jpg\"><img decoding=\"async\" loading=\"lazy\" class=\"aligncenter size-medium wp-image-111\" style=\"border: 1px solid #339966;\" src=\"https:\/\/eurogreenpero.com\/wp-content\/uploads\/2015\/06\/irrigazione-300x200.jpg\" alt=\"Irrigazione Pero (Milano)\" width=\"300\" height=\"200\" \/><\/a><br \/>\nNei mitici giardini dell&#8217;antichit\u00e0, imponenti opere idrauliche distribuivano l&#8217;acqua in modi e misure diversi a seconda dei bisogni delle piante, e stuoli di giardinieri si prodigavano per assicurare al verde il nutrimento migliore.<\/p>\n<p>Oggi non \u00e8 pi\u00f9 cos\u00ec: gli stessi risultati si possono raggiungere con un dispendio minimo di tempo e di manodopera, affidando l&#8217; irrigazione ad un impianto di tipo automatico, possibilmente fisso e interrato.<\/p>\n<p align=\"center\">\n","protected":false},"excerpt":{"rendered":"<p>Impianti di Irrigazione &nbsp; La bellezza del verde, dipende soprattutto dalla sapienza dell&#8217;irrigazione. Irrigare correttamente una azienda agricola od un giardino non \u00e8 un compito facile: ogni tipo di pianta<\/p>\n<p>\n                <span class=\"glyphicon glyphicon-arrow-right\"><a title=\"Continua a leggere\" href=\"https:\/\/eurogreenpero.com\/?page_id=103\">Continua a leggere<\/a><\/span><\/p>\n","protected":false},"author":1,"featured_media":0,"parent":76,"menu_order":0,"comment_status":"closed","ping_status":"closed","template":"","meta":[],"_links":{"self":[{"href":"https:\/\/eurogreenpero.com\/index.php?rest_route=\/wp\/v2\/pages\/103"}],"collection":[{"href":"https:\/\/eurogreenpero.com\/index.php?rest_route=\/wp\/v2\/pages"}],"about":[{"href":"https:\/\/eurogreenpero.com\/index.php?rest_route=\/wp\/v2\/types\/page"}],"author":[{"embeddable":true,"href":"https:\/\/eurogreenpero.com\/index.php?rest_route=\/wp\/v2\/users\/1"}],"replies":[{"embeddable":true,"href":"https:\/\/eurogreenpero.com\/index.php?rest_route=%2Fwp%2Fv2%2Fcomments&post=103"}],"version-history":[{"count":19,"href":"https:\/\/eurogreenpero.com\/index.php?rest_route=\/wp\/v2\/pages\/103\/revisions"}],"predecessor-version":[{"id":495,"href":"https:\/\/eurogreenpero.com\/index.php?rest_route=\/wp\/v2\/pages\/103\/revisions\/495"}],"up":[{"embeddable":true,"href":"https:\/\/eurogreenpero.com\/index.php?rest_route=\/wp\/v2\/pages\/76"}],"wp:attachment":[{"href":"https:\/\/eurogreenpero.com\/index.php?rest_route=%2Fwp%2Fv2%2Fmedia&parent=103"}],"curies":[{"name":"wp","href":"https:\/\/api.w.org\/{rel}","templated":true}]}}