{"id":491,"date":"2016-02-25T19:58:06","date_gmt":"2016-02-25T18:58:06","guid":{"rendered":"https:\/\/eurogreenpero.com\/?page_id=491"},"modified":"2016-02-25T20:38:10","modified_gmt":"2016-02-25T19:38:10","slug":"sistemazione-prati","status":"publish","type":"page","link":"https:\/\/eurogreenpero.com\/?page_id=491","title":{"rendered":"SISTEMAZIONE PRATI"},"content":{"rendered":"<p>La sistemazione, l&#8217;aggiornamento e la manutenzione dei prati \u00e8 una nostra priorit\u00e0!<\/p>\n<p>Perch\u00e9 mantenere nel tempo il proprio prato\u00a0\u00e8 importante per avere\u00a0un ambiente pulito ed armonioso.<\/p>\n<p>&nbsp;<\/p>\n<div id='gallery-1' class='gallery galleryid-491 gallery-columns-3 gallery-size-thumbnail'><dl class='gallery-item'>\n\t\t\t<dt class='gallery-icon landscape'>\n\t\t\t\t<a href='https:\/\/eurogreenpero.com\/wp-content\/uploads\/2016\/02\/IMG_1345-1024x768.jpg' title=\"\" data-rl_title=\"\" class=\"rl-gallery-link\" data-rl_caption=\"\" data-rel=\"lightbox-gallery-1\"><img width=\"150\" height=\"150\" src=\"https:\/\/eurogreenpero.com\/wp-content\/uploads\/2016\/02\/IMG_1345-150x150.jpg\" class=\"attachment-thumbnail size-thumbnail\" alt=\"\" decoding=\"async\" loading=\"lazy\" srcset=\"https:\/\/eurogreenpero.com\/wp-content\/uploads\/2016\/02\/IMG_1345-150x150.jpg 150w, https:\/\/eurogreenpero.com\/wp-content\/uploads\/2016\/02\/IMG_1345-70x70.jpg 70w\" sizes=\"(max-width: 150px) 100vw, 150px\" \/><\/a>\n\t\t\t<\/dt><\/dl><dl class='gallery-item'>\n\t\t\t<dt class='gallery-icon landscape'>\n\t\t\t\t<a href='https:\/\/eurogreenpero.com\/wp-content\/uploads\/2016\/02\/IMG_1344-1024x768.jpg' title=\"\" data-rl_title=\"\" class=\"rl-gallery-link\" data-rl_caption=\"\" data-rel=\"lightbox-gallery-1\"><img width=\"150\" height=\"150\" src=\"https:\/\/eurogreenpero.com\/wp-content\/uploads\/2016\/02\/IMG_1344-150x150.jpg\" class=\"attachment-thumbnail size-thumbnail\" alt=\"\" decoding=\"async\" loading=\"lazy\" srcset=\"https:\/\/eurogreenpero.com\/wp-content\/uploads\/2016\/02\/IMG_1344-150x150.jpg 150w, https:\/\/eurogreenpero.com\/wp-content\/uploads\/2016\/02\/IMG_1344-70x70.jpg 70w\" sizes=\"(max-width: 150px) 100vw, 150px\" \/><\/a>\n\t\t\t<\/dt><\/dl><dl class='gallery-item'>\n\t\t\t<dt class='gallery-icon landscape'>\n\t\t\t\t<a href='https:\/\/eurogreenpero.com\/wp-content\/uploads\/2016\/02\/IMG_1253-1024x768.jpg' title=\"\" data-rl_title=\"\" class=\"rl-gallery-link\" data-rl_caption=\"\" data-rel=\"lightbox-gallery-1\"><img width=\"150\" height=\"150\" src=\"https:\/\/eurogreenpero.com\/wp-content\/uploads\/2016\/02\/IMG_1253-150x150.jpg\" class=\"attachment-thumbnail size-thumbnail\" alt=\"\" decoding=\"async\" loading=\"lazy\" srcset=\"https:\/\/eurogreenpero.com\/wp-content\/uploads\/2016\/02\/IMG_1253-150x150.jpg 150w, https:\/\/eurogreenpero.com\/wp-content\/uploads\/2016\/02\/IMG_1253-70x70.jpg 70w\" sizes=\"(max-width: 150px) 100vw, 150px\" \/><\/a>\n\t\t\t<\/dt><\/dl><br style=\"clear: both\" \/><dl class='gallery-item'>\n\t\t\t<dt class='gallery-icon landscape'>\n\t\t\t\t<a href='https:\/\/eurogreenpero.com\/wp-content\/uploads\/2016\/02\/IMG_1132.png' title=\"\" data-rl_title=\"\" class=\"rl-gallery-link\" data-rl_caption=\"\" data-rel=\"lightbox-gallery-1\"><img width=\"150\" height=\"150\" src=\"https:\/\/eurogreenpero.com\/wp-content\/uploads\/2016\/02\/IMG_1132-150x150.png\" class=\"attachment-thumbnail size-thumbnail\" alt=\"\" decoding=\"async\" loading=\"lazy\" srcset=\"https:\/\/eurogreenpero.com\/wp-content\/uploads\/2016\/02\/IMG_1132-150x150.png 150w, https:\/\/eurogreenpero.com\/wp-content\/uploads\/2016\/02\/IMG_1132-70x70.png 70w\" sizes=\"(max-width: 150px) 100vw, 150px\" \/><\/a>\n\t\t\t<\/dt><\/dl><dl class='gallery-item'>\n\t\t\t<dt class='gallery-icon landscape'>\n\t\t\t\t<a href='https:\/\/eurogreenpero.com\/wp-content\/uploads\/2016\/02\/IMG_1130-1024x641.jpg' title=\"\" data-rl_title=\"\" class=\"rl-gallery-link\" data-rl_caption=\"\" data-rel=\"lightbox-gallery-1\"><img width=\"150\" height=\"150\" src=\"https:\/\/eurogreenpero.com\/wp-content\/uploads\/2016\/02\/IMG_1130-150x150.jpg\" class=\"attachment-thumbnail size-thumbnail\" alt=\"\" decoding=\"async\" loading=\"lazy\" srcset=\"https:\/\/eurogreenpero.com\/wp-content\/uploads\/2016\/02\/IMG_1130-150x150.jpg 150w, https:\/\/eurogreenpero.com\/wp-content\/uploads\/2016\/02\/IMG_1130-70x70.jpg 70w\" sizes=\"(max-width: 150px) 100vw, 150px\" \/><\/a>\n\t\t\t<\/dt><\/dl><dl class='gallery-item'>\n\t\t\t<dt class='gallery-icon landscape'>\n\t\t\t\t<a href='https:\/\/eurogreenpero.com\/wp-content\/uploads\/2016\/02\/IMG_1129.jpg' title=\"\" data-rl_title=\"\" class=\"rl-gallery-link\" data-rl_caption=\"\" data-rel=\"lightbox-gallery-1\"><img width=\"150\" height=\"150\" src=\"https:\/\/eurogreenpero.com\/wp-content\/uploads\/2016\/02\/IMG_1129-150x150.jpg\" class=\"attachment-thumbnail size-thumbnail\" alt=\"\" decoding=\"async\" loading=\"lazy\" srcset=\"https:\/\/eurogreenpero.com\/wp-content\/uploads\/2016\/02\/IMG_1129-150x150.jpg 150w, https:\/\/eurogreenpero.com\/wp-content\/uploads\/2016\/02\/IMG_1129-70x70.jpg 70w\" sizes=\"(max-width: 150px) 100vw, 150px\" \/><\/a>\n\t\t\t<\/dt><\/dl><br style=\"clear: both\" \/><dl class='gallery-item'>\n\t\t\t<dt class='gallery-icon landscape'>\n\t\t\t\t<a href='https:\/\/eurogreenpero.com\/wp-content\/uploads\/2016\/02\/IMG_1128.jpg' title=\"\" data-rl_title=\"\" class=\"rl-gallery-link\" data-rl_caption=\"\" data-rel=\"lightbox-gallery-1\"><img width=\"150\" height=\"150\" src=\"https:\/\/eurogreenpero.com\/wp-content\/uploads\/2016\/02\/IMG_1128-150x150.jpg\" class=\"attachment-thumbnail size-thumbnail\" alt=\"\" decoding=\"async\" loading=\"lazy\" srcset=\"https:\/\/eurogreenpero.com\/wp-content\/uploads\/2016\/02\/IMG_1128-150x150.jpg 150w, https:\/\/eurogreenpero.com\/wp-content\/uploads\/2016\/02\/IMG_1128-300x300.jpg 300w, https:\/\/eurogreenpero.com\/wp-content\/uploads\/2016\/02\/IMG_1128-70x70.jpg 70w, https:\/\/eurogreenpero.com\/wp-content\/uploads\/2016\/02\/IMG_1128.jpg 600w\" sizes=\"(max-width: 150px) 100vw, 150px\" \/><\/a>\n\t\t\t<\/dt><\/dl><dl class='gallery-item'>\n\t\t\t<dt class='gallery-icon landscape'>\n\t\t\t\t<a href='https:\/\/eurogreenpero.com\/wp-content\/uploads\/2016\/02\/IMG_1126.jpg' title=\"\" data-rl_title=\"\" class=\"rl-gallery-link\" data-rl_caption=\"\" data-rel=\"lightbox-gallery-1\"><img width=\"150\" height=\"150\" src=\"https:\/\/eurogreenpero.com\/wp-content\/uploads\/2016\/02\/IMG_1126-150x150.jpg\" class=\"attachment-thumbnail size-thumbnail\" alt=\"\" decoding=\"async\" loading=\"lazy\" srcset=\"https:\/\/eurogreenpero.com\/wp-content\/uploads\/2016\/02\/IMG_1126-150x150.jpg 150w, https:\/\/eurogreenpero.com\/wp-content\/uploads\/2016\/02\/IMG_1126-70x70.jpg 70w\" sizes=\"(max-width: 150px) 100vw, 150px\" \/><\/a>\n\t\t\t<\/dt><\/dl><dl class='gallery-item'>\n\t\t\t<dt class='gallery-icon landscape'>\n\t\t\t\t<a href='https:\/\/eurogreenpero.com\/wp-content\/uploads\/2016\/02\/IMG_1121-1024x845.jpg' title=\"\" data-rl_title=\"\" class=\"rl-gallery-link\" data-rl_caption=\"\" data-rel=\"lightbox-gallery-1\"><img width=\"150\" height=\"150\" src=\"https:\/\/eurogreenpero.com\/wp-content\/uploads\/2016\/02\/IMG_1121-150x150.jpg\" class=\"attachment-thumbnail size-thumbnail\" alt=\"\" decoding=\"async\" loading=\"lazy\" srcset=\"https:\/\/eurogreenpero.com\/wp-content\/uploads\/2016\/02\/IMG_1121-150x150.jpg 150w, https:\/\/eurogreenpero.com\/wp-content\/uploads\/2016\/02\/IMG_1121-70x70.jpg 70w\" sizes=\"(max-width: 150px) 100vw, 150px\" \/><\/a>\n\t\t\t<\/dt><\/dl><br style=\"clear: both\" \/><dl class='gallery-item'>\n\t\t\t<dt class='gallery-icon landscape'>\n\t\t\t\t<a href='https:\/\/eurogreenpero.com\/wp-content\/uploads\/2016\/02\/PrimaDopo-1024x512.jpg' title=\"\" data-rl_title=\"\" class=\"rl-gallery-link\" data-rl_caption=\"\" data-rel=\"lightbox-gallery-1\"><img width=\"150\" height=\"150\" src=\"https:\/\/eurogreenpero.com\/wp-content\/uploads\/2016\/02\/PrimaDopo-150x150.jpg\" class=\"attachment-thumbnail size-thumbnail\" alt=\"\" decoding=\"async\" loading=\"lazy\" srcset=\"https:\/\/eurogreenpero.com\/wp-content\/uploads\/2016\/02\/PrimaDopo-150x150.jpg 150w, https:\/\/eurogreenpero.com\/wp-content\/uploads\/2016\/02\/PrimaDopo-70x70.jpg 70w\" sizes=\"(max-width: 150px) 100vw, 150px\" \/><\/a>\n\t\t\t<\/dt><\/dl>\n\t\t\t<br style='clear: both' \/>\n\t\t<\/div>\n\n<p>&nbsp;<\/p>\n","protected":false},"excerpt":{"rendered":"<p>La sistemazione, l&#8217;aggiornamento e la manutenzione dei prati \u00e8 una nostra priorit\u00e0! Perch\u00e9 mantenere nel tempo il proprio prato\u00a0\u00e8 importante per avere\u00a0un ambiente pulito ed armonioso. &nbsp; &nbsp;<\/p>\n","protected":false},"author":1,"featured_media":0,"parent":76,"menu_order":0,"comment_status":"closed","ping_status":"closed","template":"","meta":[],"_links":{"self":[{"href":"https:\/\/eurogreenpero.com\/index.php?rest_route=\/wp\/v2\/pages\/491"}],"collection":[{"href":"https:\/\/eurogreenpero.com\/index.php?rest_route=\/wp\/v2\/pages"}],"about":[{"href":"https:\/\/eurogreenpero.com\/index.php?rest_route=\/wp\/v2\/types\/page"}],"author":[{"embeddable":true,"href":"https:\/\/eurogreenpero.com\/index.php?rest_route=\/wp\/v2\/users\/1"}],"replies":[{"embeddable":true,"href":"https:\/\/eurogreenpero.com\/index.php?rest_route=%2Fwp%2Fv2%2Fcomments&post=491"}],"version-history":[{"count":6,"href":"https:\/\/eurogreenpero.com\/index.php?rest_route=\/wp\/v2\/pages\/491\/revisions"}],"predecessor-version":[{"id":516,"href":"https:\/\/eurogreenpero.com\/index.php?rest_route=\/wp\/v2\/pages\/491\/revisions\/516"}],"up":[{"embeddable":true,"href":"https:\/\/eurogreenpero.com\/index.php?rest_route=\/wp\/v2\/pages\/76"}],"wp:attachment":[{"href":"https:\/\/eurogreenpero.com\/index.php?rest_route=%2Fwp%2Fv2%2Fmedia&parent=491"}],"curies":[{"name":"wp","href":"https:\/\/api.w.org\/{rel}","templated":true}]}}